{"id":528,"date":"2022-05-25T18:29:45","date_gmt":"2022-05-25T18:29:45","guid":{"rendered":"https:\/\/marmstorfer.de\/?page_id=528"},"modified":"2022-06-01T16:29:04","modified_gmt":"2022-06-01T16:29:04","slug":"impressum","status":"publish","type":"page","link":"https:\/\/kribie.de\/index.php\/impressum\/","title":{"rendered":"Impressum"},"content":{"rendered":"\t\t<div data-elementor-type=\"wp-page\" data-elementor-id=\"528\" class=\"elementor elementor-528\" data-elementor-post-type=\"page\">\n\t\t\t\t\t\t<section class=\"elementor-section elementor-top-section elementor-element elementor-element-2fe3b87 elementor-section-boxed elementor-section-height-default elementor-section-height-default\" data-id=\"2fe3b87\" data-element_type=\"section\">\n\t\t\t\t\t\t<div class=\"elementor-container elementor-column-gap-default\">\n\t\t\t\t\t<div class=\"elementor-column elementor-col-100 elementor-top-column elementor-element elementor-element-34077a5\" data-id=\"34077a5\" data-element_type=\"column\">\n\t\t\t<div class=\"elementor-widget-wrap elementor-element-populated\">\n\t\t\t\t\t\t<div class=\"elementor-element elementor-element-a0c0892 elementor-widget elementor-widget-text-editor\" data-id=\"a0c0892\" data-element_type=\"widget\" data-widget_type=\"text-editor.default\">\n\t\t\t\t<div class=\"elementor-widget-container\">\n\t\t\t\t\t\t\t\t\t<p>Angaben gem\u00e4\u00df \u00a7 5 TMG:<\/p><p>Schloss- und Sicherheitscenter H.-G. Bienek GmbH<br \/>Harburger Ring 31<\/p><p>21073 Hamburg<\/p><p>Kontakt:<\/p><p>Telefon: +49 40 774404<br \/>Telefax: +49 40 76750511<\/p><p>E-Mail: info@kribie.de<\/p><p>Vertreten durch:<\/p><p>Horst-G. Bienek<br \/>Oliver Bienek<\/p><p>Registereintrag:<br \/>Eintragung im Handelsregister.<\/p><p>Registergericht:Hamburg-Harburg<\/p><p>Registernummer: HRB36072<\/p><p>Umsatzsteuer-Identifikationsnummer gem\u00e4\u00df \u00a727 a Umsatzsteuergesetz:<\/p><p>DE118597171<\/p><p>Quellenangaben f\u00fcr die verwendeten Bilder und Grafiken:<\/p><p>https:\/\/www.fotolia.de<br \/>https:\/\/www.flickr.com\/creativecommons\/<\/p>\t\t\t\t\t\t\t\t<\/div>\n\t\t\t\t<\/div>\n\t\t\t\t\t<\/div>\n\t\t<\/div>\n\t\t\t\t\t<\/div>\n\t\t<\/section>\n\t\t\t\t<\/div>\n\t\t","protected":false},"excerpt":{"rendered":"<p>Angaben gem\u00e4\u00df \u00a7 5 TMG: Schloss- und Sicherheitscenter H.-G. Bienek GmbHHarburger Ring 31 21073 Hamburg Kontakt: Telefon: +49 40 774404Telefax: +49 40 76750511 E-Mail: info@kribie.de Vertreten durch: Horst-G. BienekOliver Bienek Registereintrag:Eintragung im Handelsregister. Registergericht:Hamburg-Harburg Registernummer: HRB36072 Umsatzsteuer-Identifikationsnummer gem\u00e4\u00df \u00a727 a Umsatzsteuergesetz: DE118597171 Quellenangaben f\u00fcr die verwendeten Bilder und Grafiken: https:\/\/www.fotolia.dehttps:\/\/www.flickr.com\/creativecommons\/<\/p>\n","protected":false},"author":1,"featured_media":0,"parent":0,"menu_order":0,"comment_status":"closed","ping_status":"closed","template":"","meta":{"footnotes":""},"class_list":["post-528","page","type-page","status-publish","hentry"],"yoast_head":"<!-- This site is optimized with the Yoast SEO plugin v26.6 - https:\/\/yoast.com\/wordpress\/plugins\/seo\/ -->\n<title>Impressum - Schlo\u00df- und Sicherheitscenter<\/title>\n<meta name=\"robots\" content=\"index, follow, max-snippet:-1, max-image-preview:large, max-video-preview:-1\" \/>\n<link rel=\"canonical\" href=\"https:\/\/kribie.de\/index.php\/impressum\/\" \/>\n<meta property=\"og:locale\" content=\"de_DE\" \/>\n<meta property=\"og:type\" content=\"article\" \/>\n<meta property=\"og:title\" content=\"Impressum - Schlo\u00df- und Sicherheitscenter\" \/>\n<meta property=\"og:description\" content=\"Angaben gem\u00e4\u00df \u00a7 5 TMG: Schloss- und Sicherheitscenter H.-G. Bienek GmbHHarburger Ring 31 21073 Hamburg Kontakt: Telefon: +49 40 774404Telefax: +49 40 76750511 E-Mail: info@kribie.de Vertreten durch: Horst-G. BienekOliver Bienek Registereintrag:Eintragung im Handelsregister. Registergericht:Hamburg-Harburg Registernummer: HRB36072 Umsatzsteuer-Identifikationsnummer gem\u00e4\u00df \u00a727 a Umsatzsteuergesetz: DE118597171 Quellenangaben f\u00fcr die verwendeten Bilder und Grafiken: https:\/\/www.fotolia.dehttps:\/\/www.flickr.com\/creativecommons\/\" \/>\n<meta property=\"og:url\" content=\"https:\/\/kribie.de\/index.php\/impressum\/\" \/>\n<meta property=\"og:site_name\" content=\"Schlo\u00df- und Sicherheitscenter\" \/>\n<meta property=\"article:modified_time\" content=\"2022-06-01T16:29:04+00:00\" \/>\n<meta name=\"twitter:card\" content=\"summary_large_image\" \/>\n<meta name=\"twitter:label1\" content=\"Gesch\u00e4tzte Lesezeit\" \/>\n\t<meta name=\"twitter:data1\" content=\"1\u00a0Minute\" \/>\n<script type=\"application\/ld+json\" class=\"yoast-schema-graph\">{\"@context\":\"https:\/\/schema.org\",\"@graph\":[{\"@type\":\"WebPage\",\"@id\":\"https:\/\/kribie.de\/index.php\/impressum\/\",\"url\":\"https:\/\/kribie.de\/index.php\/impressum\/\",\"name\":\"Impressum - Schlo\u00df- und Sicherheitscenter\",\"isPartOf\":{\"@id\":\"https:\/\/kribie.de\/#website\"},\"datePublished\":\"2022-05-25T18:29:45+00:00\",\"dateModified\":\"2022-06-01T16:29:04+00:00\",\"breadcrumb\":{\"@id\":\"https:\/\/kribie.de\/index.php\/impressum\/#breadcrumb\"},\"inLanguage\":\"de\",\"potentialAction\":[{\"@type\":\"ReadAction\",\"target\":[\"https:\/\/kribie.de\/index.php\/impressum\/\"]}]},{\"@type\":\"BreadcrumbList\",\"@id\":\"https:\/\/kribie.de\/index.php\/impressum\/#breadcrumb\",\"itemListElement\":[{\"@type\":\"ListItem\",\"position\":1,\"name\":\"Startseite\",\"item\":\"https:\/\/kribie.de\/\"},{\"@type\":\"ListItem\",\"position\":2,\"name\":\"Impressum\"}]},{\"@type\":\"WebSite\",\"@id\":\"https:\/\/kribie.de\/#website\",\"url\":\"https:\/\/kribie.de\/\",\"name\":\"Schlo\u00df- und Sicherheitscenter\",\"description\":\"\",\"publisher\":{\"@id\":\"https:\/\/kribie.de\/#organization\"},\"potentialAction\":[{\"@type\":\"SearchAction\",\"target\":{\"@type\":\"EntryPoint\",\"urlTemplate\":\"https:\/\/kribie.de\/?s={search_term_string}\"},\"query-input\":{\"@type\":\"PropertyValueSpecification\",\"valueRequired\":true,\"valueName\":\"search_term_string\"}}],\"inLanguage\":\"de\"},{\"@type\":\"Organization\",\"@id\":\"https:\/\/kribie.de\/#organization\",\"name\":\"Schlo\u00df- und Sicherheitscenter\",\"url\":\"https:\/\/kribie.de\/\",\"logo\":{\"@type\":\"ImageObject\",\"inLanguage\":\"de\",\"@id\":\"https:\/\/kribie.de\/#\/schema\/logo\/image\/\",\"url\":\"https:\/\/kribie.de\/wp-content\/uploads\/2022\/05\/cropped-Kribie_Logo_Pfade.png\",\"contentUrl\":\"https:\/\/kribie.de\/wp-content\/uploads\/2022\/05\/cropped-Kribie_Logo_Pfade.png\",\"width\":1589,\"height\":350,\"caption\":\"Schlo\u00df- und  Sicherheitscenter\"},\"image\":{\"@id\":\"https:\/\/kribie.de\/#\/schema\/logo\/image\/\"}}]}<\/script>\n<!-- \/ Yoast SEO plugin. -->","yoast_head_json":{"title":"Impressum - Schlo\u00df- und Sicherheitscenter","robots":{"index":"index","follow":"follow","max-snippet":"max-snippet:-1","max-image-preview":"max-image-preview:large","max-video-preview":"max-video-preview:-1"},"canonical":"https:\/\/kribie.de\/index.php\/impressum\/","og_locale":"de_DE","og_type":"article","og_title":"Impressum - Schlo\u00df- und Sicherheitscenter","og_description":"Angaben gem\u00e4\u00df \u00a7 5 TMG: Schloss- und Sicherheitscenter H.-G. Bienek GmbHHarburger Ring 31 21073 Hamburg Kontakt: Telefon: +49 40 774404Telefax: +49 40 76750511 E-Mail: info@kribie.de Vertreten durch: Horst-G. BienekOliver Bienek Registereintrag:Eintragung im Handelsregister. Registergericht:Hamburg-Harburg Registernummer: HRB36072 Umsatzsteuer-Identifikationsnummer gem\u00e4\u00df \u00a727 a Umsatzsteuergesetz: DE118597171 Quellenangaben f\u00fcr die verwendeten Bilder und Grafiken: https:\/\/www.fotolia.dehttps:\/\/www.flickr.com\/creativecommons\/","og_url":"https:\/\/kribie.de\/index.php\/impressum\/","og_site_name":"Schlo\u00df- und Sicherheitscenter","article_modified_time":"2022-06-01T16:29:04+00:00","twitter_card":"summary_large_image","twitter_misc":{"Gesch\u00e4tzte Lesezeit":"1\u00a0Minute"},"schema":{"@context":"https:\/\/schema.org","@graph":[{"@type":"WebPage","@id":"https:\/\/kribie.de\/index.php\/impressum\/","url":"https:\/\/kribie.de\/index.php\/impressum\/","name":"Impressum - Schlo\u00df- und Sicherheitscenter","isPartOf":{"@id":"https:\/\/kribie.de\/#website"},"datePublished":"2022-05-25T18:29:45+00:00","dateModified":"2022-06-01T16:29:04+00:00","breadcrumb":{"@id":"https:\/\/kribie.de\/index.php\/impressum\/#breadcrumb"},"inLanguage":"de","potentialAction":[{"@type":"ReadAction","target":["https:\/\/kribie.de\/index.php\/impressum\/"]}]},{"@type":"BreadcrumbList","@id":"https:\/\/kribie.de\/index.php\/impressum\/#breadcrumb","itemListElement":[{"@type":"ListItem","position":1,"name":"Startseite","item":"https:\/\/kribie.de\/"},{"@type":"ListItem","position":2,"name":"Impressum"}]},{"@type":"WebSite","@id":"https:\/\/kribie.de\/#website","url":"https:\/\/kribie.de\/","name":"Schlo\u00df- und Sicherheitscenter","description":"","publisher":{"@id":"https:\/\/kribie.de\/#organization"},"potentialAction":[{"@type":"SearchAction","target":{"@type":"EntryPoint","urlTemplate":"https:\/\/kribie.de\/?s={search_term_string}"},"query-input":{"@type":"PropertyValueSpecification","valueRequired":true,"valueName":"search_term_string"}}],"inLanguage":"de"},{"@type":"Organization","@id":"https:\/\/kribie.de\/#organization","name":"Schlo\u00df- und Sicherheitscenter","url":"https:\/\/kribie.de\/","logo":{"@type":"ImageObject","inLanguage":"de","@id":"https:\/\/kribie.de\/#\/schema\/logo\/image\/","url":"https:\/\/kribie.de\/wp-content\/uploads\/2022\/05\/cropped-Kribie_Logo_Pfade.png","contentUrl":"https:\/\/kribie.de\/wp-content\/uploads\/2022\/05\/cropped-Kribie_Logo_Pfade.png","width":1589,"height":350,"caption":"Schlo\u00df- und  Sicherheitscenter"},"image":{"@id":"https:\/\/kribie.de\/#\/schema\/logo\/image\/"}}]}},"_links":{"self":[{"href":"https:\/\/kribie.de\/index.php\/wp-json\/wp\/v2\/pages\/528","targetHints":{"allow":["GET"]}}],"collection":[{"href":"https:\/\/kribie.de\/index.php\/wp-json\/wp\/v2\/pages"}],"about":[{"href":"https:\/\/kribie.de\/index.php\/wp-json\/wp\/v2\/types\/page"}],"author":[{"embeddable":true,"href":"https:\/\/kribie.de\/index.php\/wp-json\/wp\/v2\/users\/1"}],"replies":[{"embeddable":true,"href":"https:\/\/kribie.de\/index.php\/wp-json\/wp\/v2\/comments?post=528"}],"version-history":[{"count":25,"href":"https:\/\/kribie.de\/index.php\/wp-json\/wp\/v2\/pages\/528\/revisions"}],"predecessor-version":[{"id":972,"href":"https:\/\/kribie.de\/index.php\/wp-json\/wp\/v2\/pages\/528\/revisions\/972"}],"wp:attachment":[{"href":"https:\/\/kribie.de\/index.php\/wp-json\/wp\/v2\/media?parent=528"}],"curies":[{"name":"wp","href":"https:\/\/api.w.org\/{rel}","templated":true}]}}